{"id":883,"date":"2025-08-13T12:05:37","date_gmt":"2025-08-13T08:35:37","guid":{"rendered":"https:\/\/ecovent.eu.com\/aksesuar\/"},"modified":"2025-08-27T09:00:16","modified_gmt":"2025-08-27T05:30:16","slug":"aksesuar","status":"publish","type":"page","link":"https:\/\/ecovent.eu.com\/tr\/aksesuar\/","title":{"rendered":"Aksesuar"},"content":{"rendered":"\t\t<div data-elementor-type=\"wp-page\" data-elementor-id=\"883\" class=\"elementor elementor-883 elementor-381\" data-elementor-post-type=\"page\">\n\t\t\t\t<div class=\"elementor-element elementor-element-faa9243 e-flex e-con-boxed e-con e-parent\" data-id=\"faa9243\" data-element_type=\"container\" data-settings=\"{&quot;background_background&quot;:&quot;slideshow&quot;,&quot;background_slideshow_gallery&quot;:[{&quot;id&quot;:764,&quot;url&quot;:&quot;https:\\\/\\\/ecovent.eu.com\\\/wp-content\\\/uploads\\\/2025\\\/08\\\/12916821_heat_blower_fan_mortor_near_cement_wall_from_top_view_include\\u0647\\u0647\\u0647-2-scaled.webp&quot;}],&quot;background_slideshow_loop&quot;:&quot;yes&quot;,&quot;background_slideshow_slide_duration&quot;:5000,&quot;background_slideshow_slide_transition&quot;:&quot;fade&quot;,&quot;background_slideshow_transition_duration&quot;:500}\">\n\t\t\t\t\t<div class=\"e-con-inner\">\n\t\t\t\t<div class=\"elementor-element elementor-element-cc6df6c elementor-widget elementor-widget-spacer\" data-id=\"cc6df6c\" data-element_type=\"widget\" data-widget_type=\"spacer.default\">\n\t\t\t\t\t\t\t<div class=\"elementor-spacer\">\n\t\t\t<div class=\"elementor-spacer-inner\"><\/div>\n\t\t<\/div>\n\t\t\t\t\t\t<\/div>\n\t\t\t\t\t<\/div>\n\t\t\t\t<\/div>\n\t\t<div class=\"elementor-element elementor-element-b60d209 e-flex e-con-boxed e-con e-parent\" data-id=\"b60d209\" data-element_type=\"container\">\n\t\t\t\t\t<div class=\"e-con-inner\">\n\t\t<div class=\"elementor-element elementor-element-4627f38 e-grid e-con-full e-con e-child\" data-id=\"4627f38\" data-element_type=\"container\">\n\t\t\t\t<div class=\"elementor-element elementor-element-623f692 elementor-widget elementor-widget-image\" data-id=\"623f692\" data-element_type=\"widget\" data-widget_type=\"image.default\">\n\t\t\t\t\t\t\t\t\t\t\t\t\t\t\t<img decoding=\"async\" src=\"https:\/\/ecovent.eu.com\/wp-content\/uploads\/elementor\/thumbs\/ChatGPT-Image-Jul-13-2025-03_50_49-PM-ra5b4mq0oh7f0brg365jgaauahvml5a4mu1ct7q2c8.png\" title=\"ChatGPT-Image-Jul-13-2025-03_50_49-PM\" alt=\"ChatGPT-Image-Jul-13-2025-03_50_49-PM\" loading=\"lazy\" \/>\t\t\t\t\t\t\t\t\t\t\t\t\t\t\t<\/div>\n\t\t\t\t<div class=\"elementor-element elementor-element-fb82e3b elementor-widget elementor-widget-heading\" data-id=\"fb82e3b\" data-element_type=\"widget\" data-widget_type=\"heading.default\">\n\t\t\t\t\t<h2 class=\"elementor-heading-title elementor-size-default\">Aksesuarlar<\/h2>\t\t\t\t<\/div>\n\t\t\t\t<\/div>\n\t\t\t\t\t<\/div>\n\t\t\t\t<\/div>\n\t\t<div class=\"elementor-element elementor-element-588b078 e-flex e-con-boxed e-con e-parent\" data-id=\"588b078\" data-element_type=\"container\">\n\t\t\t\t\t<div class=\"e-con-inner\">\n\t\t<div class=\"elementor-element elementor-element-4c2384e e-grid e-con-full e-con e-child\" data-id=\"4c2384e\" data-element_type=\"container\">\n\t\t<div data-premium-element-link=\"{&quot;type&quot;:&quot;url&quot;,&quot;link&quot;:{&quot;url&quot;:&quot;https:\\\/\\\/ecovent.eu.com\\\/product\\\/anti-vibration\\\/&quot;,&quot;is_external&quot;:&quot;&quot;,&quot;nofollow&quot;:&quot;&quot;,&quot;custom_attributes&quot;:&quot;&quot;},&quot;href&quot;:&quot;https:\\\/\\\/ecovent.eu.com\\\/product\\\/anti-vibration\\\/&quot;}\" style=\"cursor: pointer\" class=\"elementor-element elementor-element-a617c56 e-con-full premium-wrapper-link-yes e-flex e-con e-child\" data-id=\"a617c56\" data-element_type=\"container\">\n\t\t\t\t<div class=\"elementor-element elementor-element-54c91d7 product-image-wrapper elementor-widget elementor-widget-image\" data-id=\"54c91d7\" data-element_type=\"widget\" data-widget_type=\"image.default\">\n\t\t\t\t\t\t\t\t\t\t\t\t\t\t\t<img fetchpriority=\"high\" decoding=\"async\" width=\"600\" height=\"600\" src=\"https:\/\/ecovent.eu.com\/wp-content\/uploads\/2025\/08\/Anti-Vibration-600x600-1.png\" class=\"attachment-large size-large wp-image-777\" alt=\"\" srcset=\"https:\/\/ecovent.eu.com\/wp-content\/uploads\/2025\/08\/Anti-Vibration-600x600-1.png 600w, https:\/\/ecovent.eu.com\/wp-content\/uploads\/2025\/08\/Anti-Vibration-600x600-1-300x300.png 300w, https:\/\/ecovent.eu.com\/wp-content\/uploads\/2025\/08\/Anti-Vibration-600x600-1-150x150.png 150w, https:\/\/ecovent.eu.com\/wp-content\/uploads\/2025\/08\/Anti-Vibration-600x600-1-100x100.png 100w\" sizes=\"(max-width: 600px) 100vw, 600px\" \/>\t\t\t\t\t\t\t\t\t\t\t\t\t\t\t<\/div>\n\t\t\t\t<div class=\"elementor-element elementor-element-08887ff elementor-widget elementor-widget-heading\" data-id=\"08887ff\" data-element_type=\"widget\" data-widget_type=\"heading.default\">\n\t\t\t\t\t<h2 class=\"elementor-heading-title elementor-size-default\">Titre\u015fim \u00d6nleyici\n<\/h2>\t\t\t\t<\/div>\n\t\t\t\t<\/div>\n\t\t<div data-premium-element-link=\"{&quot;type&quot;:&quot;url&quot;,&quot;link&quot;:{&quot;url&quot;:&quot;https:\\\/\\\/ecovent.eu.com\\\/product\\\/backdraft-damper-ubd\\\/&quot;,&quot;is_external&quot;:&quot;&quot;,&quot;nofollow&quot;:&quot;&quot;,&quot;custom_attributes&quot;:&quot;&quot;},&quot;href&quot;:&quot;https:\\\/\\\/ecovent.eu.com\\\/product\\\/backdraft-damper-ubd\\\/&quot;}\" style=\"cursor: pointer\" class=\"elementor-element elementor-element-21369ef e-con-full premium-wrapper-link-yes e-flex e-con e-child\" data-id=\"21369ef\" data-element_type=\"container\">\n\t\t\t\t<div class=\"elementor-element elementor-element-db408c4 product-image-wrapper elementor-widget elementor-widget-image\" data-id=\"db408c4\" data-element_type=\"widget\" data-widget_type=\"image.default\">\n\t\t\t\t\t\t\t\t\t\t\t\t\t\t\t<img decoding=\"async\" width=\"600\" height=\"295\" src=\"https:\/\/ecovent.eu.com\/wp-content\/uploads\/2025\/08\/WD-100_Open-600x295-1.jpg\" class=\"attachment-large size-large wp-image-778\" alt=\"\" srcset=\"https:\/\/ecovent.eu.com\/wp-content\/uploads\/2025\/08\/WD-100_Open-600x295-1.jpg 600w, https:\/\/ecovent.eu.com\/wp-content\/uploads\/2025\/08\/WD-100_Open-600x295-1-300x148.jpg 300w\" sizes=\"(max-width: 600px) 100vw, 600px\" \/>\t\t\t\t\t\t\t\t\t\t\t\t\t\t\t<\/div>\n\t\t\t\t<div class=\"elementor-element elementor-element-a28014f elementor-widget elementor-widget-heading\" data-id=\"a28014f\" data-element_type=\"widget\" data-widget_type=\"heading.default\">\n\t\t\t\t\t<h2 class=\"elementor-heading-title elementor-size-default\">Geri Ak\u0131\u015f Damperi (UBD)\n<\/h2>\t\t\t\t<\/div>\n\t\t\t\t<\/div>\n\t\t<div data-premium-element-link=\"{&quot;type&quot;:&quot;url&quot;,&quot;link&quot;:{&quot;url&quot;:&quot;https:\\\/\\\/ecovent.eu.com\\\/product\\\/bellmouth\\\/&quot;,&quot;is_external&quot;:&quot;&quot;,&quot;nofollow&quot;:&quot;&quot;,&quot;custom_attributes&quot;:&quot;&quot;},&quot;href&quot;:&quot;https:\\\/\\\/ecovent.eu.com\\\/product\\\/bellmouth\\\/&quot;}\" style=\"cursor: pointer\" class=\"elementor-element elementor-element-3dcaec8 e-con-full premium-wrapper-link-yes e-flex e-con e-child\" data-id=\"3dcaec8\" data-element_type=\"container\">\n\t\t\t\t<div class=\"elementor-element elementor-element-d63b028 product-image-wrapper elementor-widget elementor-widget-image\" data-id=\"d63b028\" data-element_type=\"widget\" data-widget_type=\"image.default\">\n\t\t\t\t\t\t\t\t\t\t\t\t\t\t\t<img decoding=\"async\" width=\"612\" height=\"437\" src=\"https:\/\/ecovent.eu.com\/wp-content\/uploads\/2025\/08\/istockphoto-1409329028-612x612-1.jpg\" class=\"attachment-large size-large wp-image-782\" alt=\"\" srcset=\"https:\/\/ecovent.eu.com\/wp-content\/uploads\/2025\/08\/istockphoto-1409329028-612x612-1.jpg 612w, https:\/\/ecovent.eu.com\/wp-content\/uploads\/2025\/08\/istockphoto-1409329028-612x612-1-300x214.jpg 300w, https:\/\/ecovent.eu.com\/wp-content\/uploads\/2025\/08\/istockphoto-1409329028-612x612-1-600x428.jpg 600w\" sizes=\"(max-width: 612px) 100vw, 612px\" \/>\t\t\t\t\t\t\t\t\t\t\t\t\t\t\t<\/div>\n\t\t\t\t<div class=\"elementor-element elementor-element-6ded629 elementor-widget elementor-widget-heading\" data-id=\"6ded629\" data-element_type=\"widget\" data-widget_type=\"heading.default\">\n\t\t\t\t\t<h2 class=\"elementor-heading-title elementor-size-default\">\u00c7an A\u011f\u0131zl\u0131 Giri\u015f<\/h2>\t\t\t\t<\/div>\n\t\t\t\t<\/div>\n\t\t<div data-premium-element-link=\"{&quot;type&quot;:&quot;url&quot;,&quot;link&quot;:{&quot;url&quot;:&quot;https:\\\/\\\/ecovent.eu.com\\\/product\\\/centrifugal-forward-fans-single-inlet-cfs\\\/&quot;,&quot;is_external&quot;:&quot;&quot;,&quot;nofollow&quot;:&quot;&quot;,&quot;custom_attributes&quot;:&quot;&quot;},&quot;href&quot;:&quot;https:\\\/\\\/ecovent.eu.com\\\/product\\\/centrifugal-forward-fans-single-inlet-cfs\\\/&quot;}\" style=\"cursor: pointer\" class=\"elementor-element elementor-element-1a026ed e-con-full premium-wrapper-link-yes e-flex e-con e-child\" data-id=\"1a026ed\" data-element_type=\"container\">\n\t\t\t\t<div class=\"elementor-element elementor-element-1b731ff product-image-wrapper elementor-widget elementor-widget-image\" data-id=\"1b731ff\" data-element_type=\"widget\" data-widget_type=\"image.default\">\n\t\t\t\t\t\t\t\t\t\t\t\t\t\t\t<img decoding=\"async\" width=\"612\" height=\"437\" src=\"https:\/\/ecovent.eu.com\/wp-content\/uploads\/2025\/08\/istockphoto-1409329028-612x612-1.jpg\" class=\"attachment-large size-large wp-image-782\" alt=\"\" srcset=\"https:\/\/ecovent.eu.com\/wp-content\/uploads\/2025\/08\/istockphoto-1409329028-612x612-1.jpg 612w, https:\/\/ecovent.eu.com\/wp-content\/uploads\/2025\/08\/istockphoto-1409329028-612x612-1-300x214.jpg 300w, https:\/\/ecovent.eu.com\/wp-content\/uploads\/2025\/08\/istockphoto-1409329028-612x612-1-600x428.jpg 600w\" sizes=\"(max-width: 612px) 100vw, 612px\" \/>\t\t\t\t\t\t\t\t\t\t\t\t\t\t\t<\/div>\n\t\t\t\t<div class=\"elementor-element elementor-element-20cfdb0 elementor-widget elementor-widget-heading\" data-id=\"20cfdb0\" data-element_type=\"widget\" data-widget_type=\"heading.default\">\n\t\t\t\t\t<h2 class=\"elementor-heading-title elementor-size-default\">Damper<\/h2>\t\t\t\t<\/div>\n\t\t\t\t<\/div>\n\t\t\t\t<\/div>\n\t\t\t\t\t<\/div>\n\t\t\t\t<\/div>\n\t\t<div class=\"elementor-element elementor-element-83b67f4 e-flex e-con-boxed e-con e-parent\" data-id=\"83b67f4\" data-element_type=\"container\">\n\t\t\t\t\t<div class=\"e-con-inner\">\n\t\t<div class=\"elementor-element elementor-element-ead95ed e-grid e-con-full e-con e-child\" data-id=\"ead95ed\" data-element_type=\"container\">\n\t\t<div data-premium-element-link=\"{&quot;type&quot;:&quot;url&quot;,&quot;link&quot;:{&quot;url&quot;:&quot;https:\\\/\\\/ecovent.eu.com\\\/product\\\/flange\\\/&quot;,&quot;is_external&quot;:&quot;&quot;,&quot;nofollow&quot;:&quot;&quot;,&quot;custom_attributes&quot;:&quot;&quot;},&quot;href&quot;:&quot;https:\\\/\\\/ecovent.eu.com\\\/product\\\/flange\\\/&quot;}\" style=\"cursor: pointer\" class=\"elementor-element elementor-element-0c232cc e-con-full premium-wrapper-link-yes e-flex e-con e-child\" data-id=\"0c232cc\" data-element_type=\"container\">\n\t\t\t\t<div class=\"elementor-element elementor-element-13f386b product-image-wrapper elementor-widget elementor-widget-image\" data-id=\"13f386b\" data-element_type=\"widget\" data-widget_type=\"image.default\">\n\t\t\t\t\t\t\t\t\t\t\t\t\t\t\t<img decoding=\"async\" width=\"612\" height=\"437\" src=\"https:\/\/ecovent.eu.com\/wp-content\/uploads\/2025\/08\/istockphoto-1409329028-612x612-1.jpg\" class=\"attachment-large size-large wp-image-782\" alt=\"\" srcset=\"https:\/\/ecovent.eu.com\/wp-content\/uploads\/2025\/08\/istockphoto-1409329028-612x612-1.jpg 612w, https:\/\/ecovent.eu.com\/wp-content\/uploads\/2025\/08\/istockphoto-1409329028-612x612-1-300x214.jpg 300w, https:\/\/ecovent.eu.com\/wp-content\/uploads\/2025\/08\/istockphoto-1409329028-612x612-1-600x428.jpg 600w\" sizes=\"(max-width: 612px) 100vw, 612px\" \/>\t\t\t\t\t\t\t\t\t\t\t\t\t\t\t<\/div>\n\t\t\t\t<div class=\"elementor-element elementor-element-ce931da elementor-widget elementor-widget-heading\" data-id=\"ce931da\" data-element_type=\"widget\" data-widget_type=\"heading.default\">\n\t\t\t\t\t<h2 class=\"elementor-heading-title elementor-size-default\">Flan\u015f<\/h2>\t\t\t\t<\/div>\n\t\t\t\t<\/div>\n\t\t<div data-premium-element-link=\"{&quot;type&quot;:&quot;url&quot;,&quot;link&quot;:{&quot;url&quot;:&quot;https:\\\/\\\/ecovent.eu.com\\\/product\\\/backdraft-damper-ubd\\\/&quot;,&quot;is_external&quot;:&quot;&quot;,&quot;nofollow&quot;:&quot;&quot;,&quot;custom_attributes&quot;:&quot;&quot;},&quot;href&quot;:&quot;https:\\\/\\\/ecovent.eu.com\\\/product\\\/backdraft-damper-ubd\\\/&quot;}\" style=\"cursor: pointer\" class=\"elementor-element elementor-element-9fa98e8 e-con-full premium-wrapper-link-yes e-flex e-con e-child\" data-id=\"9fa98e8\" data-element_type=\"container\">\n\t\t\t\t<div class=\"elementor-element elementor-element-e0fede3 product-image-wrapper elementor-widget elementor-widget-image\" data-id=\"e0fede3\" data-element_type=\"widget\" data-widget_type=\"image.default\">\n\t\t\t\t\t\t\t\t\t\t\t\t\t\t\t<img decoding=\"async\" width=\"600\" height=\"295\" src=\"https:\/\/ecovent.eu.com\/wp-content\/uploads\/2025\/08\/WD-100_Open-600x295-1.jpg\" class=\"attachment-large size-large wp-image-778\" alt=\"\" srcset=\"https:\/\/ecovent.eu.com\/wp-content\/uploads\/2025\/08\/WD-100_Open-600x295-1.jpg 600w, https:\/\/ecovent.eu.com\/wp-content\/uploads\/2025\/08\/WD-100_Open-600x295-1-300x148.jpg 300w\" sizes=\"(max-width: 600px) 100vw, 600px\" \/>\t\t\t\t\t\t\t\t\t\t\t\t\t\t\t<\/div>\n\t\t\t\t<div class=\"elementor-element elementor-element-c4ad5b7 elementor-widget elementor-widget-heading\" data-id=\"c4ad5b7\" data-element_type=\"widget\" data-widget_type=\"heading.default\">\n\t\t\t\t\t<h2 class=\"elementor-heading-title elementor-size-default\">Susturucu<\/h2>\t\t\t\t<\/div>\n\t\t\t\t<\/div>\n\t\t<div data-premium-element-link=\"{&quot;type&quot;:&quot;url&quot;,&quot;link&quot;:{&quot;url&quot;:&quot;https:\\\/\\\/ecovent.eu.com\\\/product\\\/protection-guard\\\/&quot;,&quot;is_external&quot;:&quot;&quot;,&quot;nofollow&quot;:&quot;&quot;,&quot;custom_attributes&quot;:&quot;&quot;},&quot;href&quot;:&quot;https:\\\/\\\/ecovent.eu.com\\\/product\\\/protection-guard\\\/&quot;}\" style=\"cursor: pointer\" class=\"elementor-element elementor-element-37f86c6 e-con-full premium-wrapper-link-yes e-flex e-con e-child\" data-id=\"37f86c6\" data-element_type=\"container\">\n\t\t\t\t<div class=\"elementor-element elementor-element-3422b52 product-image-wrapper elementor-widget elementor-widget-image\" data-id=\"3422b52\" data-element_type=\"widget\" data-widget_type=\"image.default\">\n\t\t\t\t\t\t\t\t\t\t\t\t\t\t\t<img loading=\"lazy\" decoding=\"async\" width=\"500\" height=\"500\" src=\"https:\/\/ecovent.eu.com\/wp-content\/uploads\/2025\/08\/Protection-Guard-1.png\" class=\"attachment-large size-large wp-image-779\" alt=\"\" srcset=\"https:\/\/ecovent.eu.com\/wp-content\/uploads\/2025\/08\/Protection-Guard-1.png 500w, https:\/\/ecovent.eu.com\/wp-content\/uploads\/2025\/08\/Protection-Guard-1-300x300.png 300w, https:\/\/ecovent.eu.com\/wp-content\/uploads\/2025\/08\/Protection-Guard-1-150x150.png 150w, https:\/\/ecovent.eu.com\/wp-content\/uploads\/2025\/08\/Protection-Guard-1-100x100.png 100w\" sizes=\"(max-width: 500px) 100vw, 500px\" \/>\t\t\t\t\t\t\t\t\t\t\t\t\t\t\t<\/div>\n\t\t\t\t<div class=\"elementor-element elementor-element-df18b9b elementor-widget elementor-widget-heading\" data-id=\"df18b9b\" data-element_type=\"widget\" data-widget_type=\"heading.default\">\n\t\t\t\t\t<h2 class=\"elementor-heading-title elementor-size-default\">Koruma Izgaras\u0131\n<\/h2>\t\t\t\t<\/div>\n\t\t\t\t<\/div>\n\t\t<div data-premium-element-link=\"{&quot;type&quot;:&quot;url&quot;,&quot;link&quot;:{&quot;url&quot;:&quot;https:\\\/\\\/ecovent.eu.com\\\/product\\\/protection-guard\\\/&quot;,&quot;is_external&quot;:&quot;&quot;,&quot;nofollow&quot;:&quot;&quot;,&quot;custom_attributes&quot;:&quot;&quot;},&quot;href&quot;:&quot;https:\\\/\\\/ecovent.eu.com\\\/product\\\/protection-guard\\\/&quot;}\" style=\"cursor: pointer\" class=\"elementor-element elementor-element-350edb5 e-con-full premium-wrapper-link-yes e-flex e-con e-child\" data-id=\"350edb5\" data-element_type=\"container\">\n\t\t\t\t<div class=\"elementor-element elementor-element-3cfcdd4 product-image-wrapper elementor-widget elementor-widget-image\" data-id=\"3cfcdd4\" data-element_type=\"widget\" data-widget_type=\"image.default\">\n\t\t\t\t\t\t\t\t\t\t\t\t\t\t\t<img loading=\"lazy\" decoding=\"async\" width=\"500\" height=\"500\" src=\"https:\/\/ecovent.eu.com\/wp-content\/uploads\/2025\/08\/scs-1.png\" class=\"attachment-large size-large wp-image-780\" alt=\"\" srcset=\"https:\/\/ecovent.eu.com\/wp-content\/uploads\/2025\/08\/scs-1.png 500w, https:\/\/ecovent.eu.com\/wp-content\/uploads\/2025\/08\/scs-1-300x300.png 300w, https:\/\/ecovent.eu.com\/wp-content\/uploads\/2025\/08\/scs-1-150x150.png 150w, https:\/\/ecovent.eu.com\/wp-content\/uploads\/2025\/08\/scs-1-100x100.png 100w\" sizes=\"(max-width: 500px) 100vw, 500px\" \/>\t\t\t\t\t\t\t\t\t\t\t\t\t\t\t<\/div>\n\t\t\t\t<div class=\"elementor-element elementor-element-468c469 elementor-widget elementor-widget-heading\" data-id=\"468c469\" data-element_type=\"widget\" data-widget_type=\"heading.default\">\n\t\t\t\t\t<h2 class=\"elementor-heading-title elementor-size-default\">SCS Serisi<\/h2>\t\t\t\t<\/div>\n\t\t\t\t<\/div>\n\t\t\t\t<\/div>\n\t\t\t\t\t<\/div>\n\t\t\t\t<\/div>\n\t\t<div class=\"elementor-element elementor-element-3fb8224 e-flex e-con-boxed e-con e-parent\" data-id=\"3fb8224\" data-element_type=\"container\">\n\t\t\t\t\t<div class=\"e-con-inner\">\n\t\t\t\t<div class=\"elementor-element elementor-element-26b5e3f elementor-widget elementor-widget-spacer\" data-id=\"26b5e3f\" data-element_type=\"widget\" data-widget_type=\"spacer.default\">\n\t\t\t\t\t\t\t<div class=\"elementor-spacer\">\n\t\t\t<div class=\"elementor-spacer-inner\"><\/div>\n\t\t<\/div>\n\t\t\t\t\t\t<\/div>\n\t\t\t\t\t<\/div>\n\t\t\t\t<\/div>\n\t\t\t\t<\/div>\n\t\t","protected":false},"excerpt":{"rendered":"<p>Aksesuarlar Titre\u015fim \u00d6nleyici Geri Ak\u0131\u015f Damperi (UBD) \u00c7an A\u011f\u0131zl\u0131 Giri\u015f Damper Flan\u015f Susturucu Koruma Izgaras\u0131 SCS Serisi<\/p>\n","protected":false},"author":1,"featured_media":0,"parent":0,"menu_order":0,"comment_status":"closed","ping_status":"closed","template":"","meta":{"site-sidebar-layout":"no-sidebar","site-content-layout":"","ast-site-content-layout":"full-width-container","site-content-style":"default","site-sidebar-style":"default","ast-global-header-display":"","ast-banner-title-visibility":"","ast-main-header-display":"","ast-hfb-above-header-display":"","ast-hfb-below-header-display":"","ast-hfb-mobile-header-display":"","site-post-title":"disabled","ast-breadcrumbs-content":"","ast-featured-img":"disabled","footer-sml-layout":"","theme-transparent-header-meta":"","adv-header-id-meta":"","stick-header-meta":"","header-above-stick-meta":"","header-main-stick-meta":"","header-below-stick-meta":"","astra-migrate-meta-layouts":"default","ast-page-background-enabled":"default","ast-page-background-meta":{"desktop":{"background-color":"var(--ast-global-color-5)","background-image":"","background-repeat":"repeat","background-position":"center center","background-size":"auto","background-attachment":"scroll","background-type":"","background-media":"","overlay-type":"","overlay-color":"","overlay-opacity":"","overlay-gradient":""},"tablet":{"background-color":"","background-image":"","background-repeat":"repeat","background-position":"center center","background-size":"auto","background-attachment":"scroll","background-type":"","background-media":"","overlay-type":"","overlay-color":"","overlay-opacity":"","overlay-gradient":""},"mobile":{"background-color":"","background-image":"","background-repeat":"repeat","background-position":"center center","background-size":"auto","background-attachment":"scroll","background-type":"","background-media":"","overlay-type":"","overlay-color":"","overlay-opacity":"","overlay-gradient":""}},"ast-content-background-meta":{"desktop":{"background-color":"var(--ast-global-color-4)","background-image":"","background-repeat":"repeat","background-position":"center center","background-size":"auto","background-attachment":"scroll","background-type":"","background-media":"","overlay-type":"","overlay-color":"","overlay-opacity":"","overlay-gradient":""},"tablet":{"background-color":"var(--ast-global-color-4)","background-image":"","background-repeat":"repeat","background-position":"center center","background-size":"auto","background-attachment":"scroll","background-type":"","background-media":"","overlay-type":"","overlay-color":"","overlay-opacity":"","overlay-gradient":""},"mobile":{"background-color":"var(--ast-global-color-4)","background-image":"","background-repeat":"repeat","background-position":"center center","background-size":"auto","background-attachment":"scroll","background-type":"","background-media":"","overlay-type":"","overlay-color":"","overlay-opacity":"","overlay-gradient":""}},"footnotes":""},"class_list":["post-883","page","type-page","status-publish","hentry"],"_links":{"self":[{"href":"https:\/\/ecovent.eu.com\/tr\/wp-json\/wp\/v2\/pages\/883","targetHints":{"allow":["GET"]}}],"collection":[{"href":"https:\/\/ecovent.eu.com\/tr\/wp-json\/wp\/v2\/pages"}],"about":[{"href":"https:\/\/ecovent.eu.com\/tr\/wp-json\/wp\/v2\/types\/page"}],"author":[{"embeddable":true,"href":"https:\/\/ecovent.eu.com\/tr\/wp-json\/wp\/v2\/users\/1"}],"replies":[{"embeddable":true,"href":"https:\/\/ecovent.eu.com\/tr\/wp-json\/wp\/v2\/comments?post=883"}],"version-history":[{"count":2,"href":"https:\/\/ecovent.eu.com\/tr\/wp-json\/wp\/v2\/pages\/883\/revisions"}],"predecessor-version":[{"id":1142,"href":"https:\/\/ecovent.eu.com\/tr\/wp-json\/wp\/v2\/pages\/883\/revisions\/1142"}],"wp:attachment":[{"href":"https:\/\/ecovent.eu.com\/tr\/wp-json\/wp\/v2\/media?parent=883"}],"curies":[{"name":"wp","href":"https:\/\/api.w.org\/{rel}","templated":true}]}}