{"id":887,"date":"2025-08-13T10:36:23","date_gmt":"2025-08-13T07:06:23","guid":{"rendered":"https:\/\/ecovent.eu.com\/santrifuj-fan\/"},"modified":"2025-08-19T15:42:40","modified_gmt":"2025-08-19T12:12:40","slug":"santrifuj-fan","status":"publish","type":"page","link":"https:\/\/ecovent.eu.com\/tr\/santrifuj-fan\/","title":{"rendered":"Santrif\u00fcj Fan"},"content":{"rendered":"\t\t<div data-elementor-type=\"wp-page\" data-elementor-id=\"887\" class=\"elementor elementor-887 elementor-347\" data-elementor-post-type=\"page\">\n\t\t\t\t<div class=\"elementor-element elementor-element-64608f5 e-flex e-con-boxed e-con e-parent\" data-id=\"64608f5\" data-element_type=\"container\" data-settings=\"{&quot;background_background&quot;:&quot;slideshow&quot;,&quot;background_slideshow_gallery&quot;:[{&quot;id&quot;:764,&quot;url&quot;:&quot;https:\\\/\\\/ecovent.eu.com\\\/wp-content\\\/uploads\\\/2025\\\/08\\\/12916821_heat_blower_fan_mortor_near_cement_wall_from_top_view_include\\u0647\\u0647\\u0647-2-scaled.webp&quot;}],&quot;background_slideshow_loop&quot;:&quot;yes&quot;,&quot;background_slideshow_slide_duration&quot;:5000,&quot;background_slideshow_slide_transition&quot;:&quot;fade&quot;,&quot;background_slideshow_transition_duration&quot;:500}\">\n\t\t\t\t\t<div class=\"e-con-inner\">\n\t\t\t\t<div class=\"elementor-element elementor-element-cb69d9c elementor-widget elementor-widget-spacer\" data-id=\"cb69d9c\" data-element_type=\"widget\" data-widget_type=\"spacer.default\">\n\t\t\t\t\t\t\t<div class=\"elementor-spacer\">\n\t\t\t<div class=\"elementor-spacer-inner\"><\/div>\n\t\t<\/div>\n\t\t\t\t\t\t<\/div>\n\t\t\t\t\t<\/div>\n\t\t\t\t<\/div>\n\t\t<div class=\"elementor-element elementor-element-0c4a446 e-flex e-con-boxed e-con e-parent\" data-id=\"0c4a446\" data-element_type=\"container\">\n\t\t\t\t\t<div class=\"e-con-inner\">\n\t\t<div class=\"elementor-element elementor-element-98a3c0c e-grid e-con-full e-con e-child\" data-id=\"98a3c0c\" data-element_type=\"container\">\n\t\t\t\t<div class=\"elementor-element elementor-element-1d26311 elementor-widget elementor-widget-image\" data-id=\"1d26311\" data-element_type=\"widget\" data-widget_type=\"image.default\">\n\t\t\t\t\t\t\t\t\t\t\t\t\t\t\t<img decoding=\"async\" src=\"https:\/\/ecovent.eu.com\/wp-content\/uploads\/elementor\/thumbs\/ChatGPT-Image-Jul-13-2025-03_50_49-PM-ra5b4mq0oh7f0brg365jgaauahvml5a4mu1ct7q2c8.png\" title=\"ChatGPT-Image-Jul-13-2025-03_50_49-PM\" alt=\"ChatGPT-Image-Jul-13-2025-03_50_49-PM\" loading=\"lazy\" \/>\t\t\t\t\t\t\t\t\t\t\t\t\t\t\t<\/div>\n\t\t\t\t<div class=\"elementor-element elementor-element-0c75d11 elementor-widget elementor-widget-heading\" data-id=\"0c75d11\" data-element_type=\"widget\" data-widget_type=\"heading.default\">\n\t\t\t\t\t<h2 class=\"elementor-heading-title elementor-size-default\">Santrif\u00fcj Fanlar<\/h2>\t\t\t\t<\/div>\n\t\t\t\t<\/div>\n\t\t\t\t\t<\/div>\n\t\t\t\t<\/div>\n\t\t<div class=\"elementor-element elementor-element-098eb7e e-flex e-con-boxed e-con e-parent\" data-id=\"098eb7e\" data-element_type=\"container\">\n\t\t\t\t\t<div class=\"e-con-inner\">\n\t\t<div class=\"elementor-element elementor-element-df98484 e-grid e-con-full e-con e-child\" data-id=\"df98484\" data-element_type=\"container\">\n\t\t<div data-premium-element-link=\"{&quot;type&quot;:&quot;url&quot;,&quot;link&quot;:{&quot;url&quot;:&quot;https:\\\/\\\/ecovent.eu.com\\\/product\\\/santrifuj-geriye-egik-cift-girisli-fanlar-kayisli-tahrik-cbdx\\\/&quot;,&quot;is_external&quot;:&quot;&quot;,&quot;nofollow&quot;:&quot;&quot;,&quot;custom_attributes&quot;:&quot;&quot;},&quot;href&quot;:&quot;https:\\\/\\\/ecovent.eu.com\\\/product\\\/santrifuj-geriye-egik-cift-girisli-fanlar-kayisli-tahrik-cbdx\\\/&quot;}\" style=\"cursor: pointer\" class=\"elementor-element elementor-element-be5420d e-con-full premium-wrapper-link-yes e-flex e-con e-child\" data-id=\"be5420d\" data-element_type=\"container\">\n\t\t\t\t<div class=\"elementor-element elementor-element-91a15be product-image-wrapper elementor-widget elementor-widget-image\" data-id=\"91a15be\" data-element_type=\"widget\" data-widget_type=\"image.default\">\n\t\t\t\t\t\t\t\t\t\t\t\t\t\t\t<img fetchpriority=\"high\" decoding=\"async\" width=\"300\" height=\"300\" src=\"https:\/\/ecovent.eu.com\/wp-content\/uploads\/2025\/08\/Centrifugal-Backward-Double-Inlet-Fans-Belt-Drive-CBDX-300x300-1.png\" class=\"attachment-large size-large wp-image-767\" alt=\"\" srcset=\"https:\/\/ecovent.eu.com\/wp-content\/uploads\/2025\/08\/Centrifugal-Backward-Double-Inlet-Fans-Belt-Drive-CBDX-300x300-1.png 300w, https:\/\/ecovent.eu.com\/wp-content\/uploads\/2025\/08\/Centrifugal-Backward-Double-Inlet-Fans-Belt-Drive-CBDX-300x300-1-150x150.png 150w, https:\/\/ecovent.eu.com\/wp-content\/uploads\/2025\/08\/Centrifugal-Backward-Double-Inlet-Fans-Belt-Drive-CBDX-300x300-1-100x100.png 100w\" sizes=\"(max-width: 300px) 100vw, 300px\" \/>\t\t\t\t\t\t\t\t\t\t\t\t\t\t\t<\/div>\n\t\t\t\t<div class=\"elementor-element elementor-element-c855cbc elementor-widget elementor-widget-heading\" data-id=\"c855cbc\" data-element_type=\"widget\" data-widget_type=\"heading.default\">\n\t\t\t\t\t<h2 class=\"elementor-heading-title elementor-size-default\">Santrif\u00fcj Geriye E\u011fik \u00c7ift Giri\u015fli Fanlar \u2013 Kay\u0131\u015fl\u0131 Tahrik (CBDX)<\/h2>\t\t\t\t<\/div>\n\t\t\t\t<\/div>\n\t\t<div data-premium-element-link=\"{&quot;type&quot;:&quot;url&quot;,&quot;link&quot;:{&quot;url&quot;:&quot;https:\\\/\\\/ecovent.eu.com\\\/product\\\/santrifuj-geri-egik-kanatli-tek-emisli-fan-cbs\\\/&quot;,&quot;is_external&quot;:&quot;&quot;,&quot;nofollow&quot;:&quot;&quot;,&quot;custom_attributes&quot;:&quot;&quot;},&quot;href&quot;:&quot;https:\\\/\\\/ecovent.eu.com\\\/product\\\/santrifuj-geri-egik-kanatli-tek-emisli-fan-cbs\\\/&quot;}\" style=\"cursor: pointer\" class=\"elementor-element elementor-element-a6c6bf9 e-con-full premium-wrapper-link-yes e-flex e-con e-child\" data-id=\"a6c6bf9\" data-element_type=\"container\">\n\t\t\t\t<div class=\"elementor-element elementor-element-d135db0 product-image-wrapper elementor-widget elementor-widget-image\" data-id=\"d135db0\" data-element_type=\"widget\" data-widget_type=\"image.default\">\n\t\t\t\t\t\t\t\t\t\t\t\t\t\t\t<img decoding=\"async\" width=\"500\" height=\"468\" src=\"https:\/\/ecovent.eu.com\/wp-content\/uploads\/2025\/08\/Centrifugal-Backward-Fan-Single-Inlet-CBS-1.png\" class=\"attachment-large size-large wp-image-768\" alt=\"\" srcset=\"https:\/\/ecovent.eu.com\/wp-content\/uploads\/2025\/08\/Centrifugal-Backward-Fan-Single-Inlet-CBS-1.png 500w, https:\/\/ecovent.eu.com\/wp-content\/uploads\/2025\/08\/Centrifugal-Backward-Fan-Single-Inlet-CBS-1-300x281.png 300w\" sizes=\"(max-width: 500px) 100vw, 500px\" \/>\t\t\t\t\t\t\t\t\t\t\t\t\t\t\t<\/div>\n\t\t\t\t<div class=\"elementor-element elementor-element-ecd4fb3 elementor-widget elementor-widget-heading\" data-id=\"ecd4fb3\" data-element_type=\"widget\" data-widget_type=\"heading.default\">\n\t\t\t\t\t<h2 class=\"elementor-heading-title elementor-size-default\">Santrif\u00fcj Geri E\u011fik Kanatl\u0131 Tek Emi\u015fli Fan (CBS)<\/h2>\t\t\t\t<\/div>\n\t\t\t\t<\/div>\n\t\t<div data-premium-element-link=\"{&quot;type&quot;:&quot;url&quot;,&quot;link&quot;:{&quot;url&quot;:&quot;https:\\\/\\\/ecovent.eu.com\\\/product\\\/santrifuj-ileri-egik-cift-girisli-fanlar-kayisli-tahrik-cfdx\\\/&quot;,&quot;is_external&quot;:&quot;&quot;,&quot;nofollow&quot;:&quot;&quot;,&quot;custom_attributes&quot;:&quot;&quot;},&quot;href&quot;:&quot;https:\\\/\\\/ecovent.eu.com\\\/product\\\/santrifuj-ileri-egik-cift-girisli-fanlar-kayisli-tahrik-cfdx\\\/&quot;}\" style=\"cursor: pointer\" class=\"elementor-element elementor-element-9199255 e-con-full premium-wrapper-link-yes e-flex e-con e-child\" data-id=\"9199255\" data-element_type=\"container\">\n\t\t\t\t<div class=\"elementor-element elementor-element-f713f63 product-image-wrapper elementor-widget elementor-widget-image\" data-id=\"f713f63\" data-element_type=\"widget\" data-widget_type=\"image.default\">\n\t\t\t\t\t\t\t\t\t\t\t\t\t\t\t<img decoding=\"async\" width=\"500\" height=\"473\" src=\"https:\/\/ecovent.eu.com\/wp-content\/uploads\/2025\/08\/Centrifugal-Forward-Fans-Double-Inlet-Beld-Drive-CFDX-1.png\" class=\"attachment-large size-large wp-image-769\" alt=\"\" srcset=\"https:\/\/ecovent.eu.com\/wp-content\/uploads\/2025\/08\/Centrifugal-Forward-Fans-Double-Inlet-Beld-Drive-CFDX-1.png 500w, https:\/\/ecovent.eu.com\/wp-content\/uploads\/2025\/08\/Centrifugal-Forward-Fans-Double-Inlet-Beld-Drive-CFDX-1-300x284.png 300w\" sizes=\"(max-width: 500px) 100vw, 500px\" \/>\t\t\t\t\t\t\t\t\t\t\t\t\t\t\t<\/div>\n\t\t\t\t<div class=\"elementor-element elementor-element-52b52e6 elementor-widget elementor-widget-heading\" data-id=\"52b52e6\" data-element_type=\"widget\" data-widget_type=\"heading.default\">\n\t\t\t\t\t<h2 class=\"elementor-heading-title elementor-size-default\">Santrif\u00fcj \u0130leri E\u011fik \u00c7ift Giri\u015fli Fanlar \u2013 Kay\u0131\u015fl\u0131 Tahrik (CFDX)\n<\/h2>\t\t\t\t<\/div>\n\t\t\t\t<\/div>\n\t\t<div data-premium-element-link=\"{&quot;type&quot;:&quot;url&quot;,&quot;link&quot;:{&quot;url&quot;:&quot;https:\\\/\\\/ecovent.eu.com\\\/product\\\/santrifuj-ileri-egik-tek-girisli-fanlar-cfs\\\/&quot;,&quot;is_external&quot;:&quot;&quot;,&quot;nofollow&quot;:&quot;&quot;,&quot;custom_attributes&quot;:&quot;&quot;},&quot;href&quot;:&quot;https:\\\/\\\/ecovent.eu.com\\\/product\\\/santrifuj-ileri-egik-tek-girisli-fanlar-cfs\\\/&quot;}\" style=\"cursor: pointer\" class=\"elementor-element elementor-element-8361ead e-con-full premium-wrapper-link-yes e-flex e-con e-child\" data-id=\"8361ead\" data-element_type=\"container\">\n\t\t\t\t<div class=\"elementor-element elementor-element-571182d product-image-wrapper elementor-widget elementor-widget-image\" data-id=\"571182d\" data-element_type=\"widget\" data-widget_type=\"image.default\">\n\t\t\t\t\t\t\t\t\t\t\t\t\t\t\t<img loading=\"lazy\" decoding=\"async\" width=\"500\" height=\"500\" src=\"https:\/\/ecovent.eu.com\/wp-content\/uploads\/2025\/08\/Centrifugal-Forward-Fans-Single-Inlet-CFS-1.png\" class=\"attachment-large size-large wp-image-770\" alt=\"\" srcset=\"https:\/\/ecovent.eu.com\/wp-content\/uploads\/2025\/08\/Centrifugal-Forward-Fans-Single-Inlet-CFS-1.png 500w, https:\/\/ecovent.eu.com\/wp-content\/uploads\/2025\/08\/Centrifugal-Forward-Fans-Single-Inlet-CFS-1-300x300.png 300w, https:\/\/ecovent.eu.com\/wp-content\/uploads\/2025\/08\/Centrifugal-Forward-Fans-Single-Inlet-CFS-1-150x150.png 150w, https:\/\/ecovent.eu.com\/wp-content\/uploads\/2025\/08\/Centrifugal-Forward-Fans-Single-Inlet-CFS-1-100x100.png 100w\" sizes=\"(max-width: 500px) 100vw, 500px\" \/>\t\t\t\t\t\t\t\t\t\t\t\t\t\t\t<\/div>\n\t\t\t\t<div class=\"elementor-element elementor-element-14037f8 elementor-widget elementor-widget-heading\" data-id=\"14037f8\" data-element_type=\"widget\" data-widget_type=\"heading.default\">\n\t\t\t\t\t<h2 class=\"elementor-heading-title elementor-size-default\">Santrif\u00fcj \u0130leri E\u011fik Tek Giri\u015fli Fanlar (CFS)\n<\/h2>\t\t\t\t<\/div>\n\t\t\t\t<\/div>\n\t\t\t\t<\/div>\n\t\t\t\t\t<\/div>\n\t\t\t\t<\/div>\n\t\t<div class=\"elementor-element elementor-element-4281a5d e-flex e-con-boxed e-con e-parent\" data-id=\"4281a5d\" data-element_type=\"container\">\n\t\t\t\t\t<div class=\"e-con-inner\">\n\t\t<div class=\"elementor-element elementor-element-12e4055 e-grid e-con-full e-con e-child\" data-id=\"12e4055\" data-element_type=\"container\">\n\t\t<div data-premium-element-link=\"{&quot;type&quot;:&quot;url&quot;,&quot;link&quot;:{&quot;url&quot;:&quot;https:\\\/\\\/ecovent.eu.com\\\/product\\\/santrifuj-tipi-plug-fan-cp\\\/&quot;,&quot;is_external&quot;:&quot;&quot;,&quot;nofollow&quot;:&quot;&quot;,&quot;custom_attributes&quot;:&quot;&quot;},&quot;href&quot;:&quot;https:\\\/\\\/ecovent.eu.com\\\/product\\\/santrifuj-tipi-plug-fan-cp\\\/&quot;}\" style=\"cursor: pointer\" class=\"elementor-element elementor-element-b53251c e-con-full premium-wrapper-link-yes https:\/\/ecovent.eu.com\/product\/centrifugal-plug-fan-cp\/ e-flex e-con e-child\" data-id=\"b53251c\" data-element_type=\"container\">\n\t\t\t\t<div class=\"elementor-element elementor-element-d3ecc6e product-image-wrapper elementor-widget elementor-widget-image\" data-id=\"d3ecc6e\" data-element_type=\"widget\" data-widget_type=\"image.default\">\n\t\t\t\t\t\t\t\t\t\t\t\t\t\t\t<img loading=\"lazy\" decoding=\"async\" width=\"1024\" height=\"1005\" src=\"https:\/\/ecovent.eu.com\/wp-content\/uploads\/2025\/08\/Centrifugal-Plug-Fan-CP-1-1024x1005.webp\" class=\"attachment-large size-large wp-image-781\" alt=\"\" srcset=\"https:\/\/ecovent.eu.com\/wp-content\/uploads\/2025\/08\/Centrifugal-Plug-Fan-CP-1-1024x1005.webp 1024w, https:\/\/ecovent.eu.com\/wp-content\/uploads\/2025\/08\/Centrifugal-Plug-Fan-CP-1-300x295.webp 300w, https:\/\/ecovent.eu.com\/wp-content\/uploads\/2025\/08\/Centrifugal-Plug-Fan-CP-1-768x754.webp 768w, https:\/\/ecovent.eu.com\/wp-content\/uploads\/2025\/08\/Centrifugal-Plug-Fan-CP-1-1320x1296.webp 1320w, https:\/\/ecovent.eu.com\/wp-content\/uploads\/2025\/08\/Centrifugal-Plug-Fan-CP-1-600x589.webp 600w, https:\/\/ecovent.eu.com\/wp-content\/uploads\/2025\/08\/Centrifugal-Plug-Fan-CP-1.webp 1430w\" sizes=\"(max-width: 1024px) 100vw, 1024px\" \/>\t\t\t\t\t\t\t\t\t\t\t\t\t\t\t<\/div>\n\t\t\t\t<div class=\"elementor-element elementor-element-7fcd3a3 elementor-widget elementor-widget-heading\" data-id=\"7fcd3a3\" data-element_type=\"widget\" data-widget_type=\"heading.default\">\n\t\t\t\t\t<h2 class=\"elementor-heading-title elementor-size-default\">Santrif\u00fcj Plug Fan (CP)<\/h2>\t\t\t\t<\/div>\n\t\t\t\t<\/div>\n\t\t\t\t<\/div>\n\t\t\t\t\t<\/div>\n\t\t\t\t<\/div>\n\t\t<div class=\"elementor-element elementor-element-f20282c e-flex e-con-boxed e-con e-parent\" data-id=\"f20282c\" data-element_type=\"container\">\n\t\t\t\t\t<div class=\"e-con-inner\">\n\t\t\t\t<div class=\"elementor-element elementor-element-f08c083 elementor-widget elementor-widget-spacer\" data-id=\"f08c083\" data-element_type=\"widget\" data-widget_type=\"spacer.default\">\n\t\t\t\t\t\t\t<div class=\"elementor-spacer\">\n\t\t\t<div class=\"elementor-spacer-inner\"><\/div>\n\t\t<\/div>\n\t\t\t\t\t\t<\/div>\n\t\t\t\t\t<\/div>\n\t\t\t\t<\/div>\n\t\t\t\t<\/div>\n\t\t","protected":false},"excerpt":{"rendered":"<p>Santrif\u00fcj Fanlar Santrif\u00fcj Geriye E\u011fik \u00c7ift Giri\u015fli Fanlar \u2013 Kay\u0131\u015fl\u0131 Tahrik (CBDX) Santrif\u00fcj Geri E\u011fik Kanatl\u0131 Tek Emi\u015fli Fan (CBS) [&hellip;]<\/p>\n","protected":false},"author":1,"featured_media":0,"parent":0,"menu_order":0,"comment_status":"closed","ping_status":"closed","template":"","meta":{"site-sidebar-layout":"no-sidebar","site-content-layout":"","ast-site-content-layout":"full-width-container","site-content-style":"default","site-sidebar-style":"default","ast-global-header-display":"","ast-banner-title-visibility":"","ast-main-header-display":"","ast-hfb-above-header-display":"","ast-hfb-below-header-display":"","ast-hfb-mobile-header-display":"","site-post-title":"disabled","ast-breadcrumbs-content":"","ast-featured-img":"disabled","footer-sml-layout":"","theme-transparent-header-meta":"","adv-header-id-meta":"","stick-header-meta":"","header-above-stick-meta":"","header-main-stick-meta":"","header-below-stick-meta":"","astra-migrate-meta-layouts":"default","ast-page-background-enabled":"default","ast-page-background-meta":{"desktop":{"background-color":"var(--ast-global-color-5)","background-image":"","background-repeat":"repeat","background-position":"center center","background-size":"auto","background-attachment":"scroll","background-type":"","background-media":"","overlay-type":"","overlay-color":"","overlay-opacity":"","overlay-gradient":""},"tablet":{"background-color":"","background-image":"","background-repeat":"repeat","background-position":"center center","background-size":"auto","background-attachment":"scroll","background-type":"","background-media":"","overlay-type":"","overlay-color":"","overlay-opacity":"","overlay-gradient":""},"mobile":{"background-color":"","background-image":"","background-repeat":"repeat","background-position":"center center","background-size":"auto","background-attachment":"scroll","background-type":"","background-media":"","overlay-type":"","overlay-color":"","overlay-opacity":"","overlay-gradient":""}},"ast-content-background-meta":{"desktop":{"background-color":"var(--ast-global-color-4)","background-image":"","background-repeat":"repeat","background-position":"center center","background-size":"auto","background-attachment":"scroll","background-type":"","background-media":"","overlay-type":"","overlay-color":"","overlay-opacity":"","overlay-gradient":""},"tablet":{"background-color":"var(--ast-global-color-4)","background-image":"","background-repeat":"repeat","background-position":"center center","background-size":"auto","background-attachment":"scroll","background-type":"","background-media":"","overlay-type":"","overlay-color":"","overlay-opacity":"","overlay-gradient":""},"mobile":{"background-color":"var(--ast-global-color-4)","background-image":"","background-repeat":"repeat","background-position":"center center","background-size":"auto","background-attachment":"scroll","background-type":"","background-media":"","overlay-type":"","overlay-color":"","overlay-opacity":"","overlay-gradient":""}},"footnotes":""},"class_list":["post-887","page","type-page","status-publish","hentry"],"_links":{"self":[{"href":"https:\/\/ecovent.eu.com\/tr\/wp-json\/wp\/v2\/pages\/887","targetHints":{"allow":["GET"]}}],"collection":[{"href":"https:\/\/ecovent.eu.com\/tr\/wp-json\/wp\/v2\/pages"}],"about":[{"href":"https:\/\/ecovent.eu.com\/tr\/wp-json\/wp\/v2\/types\/page"}],"author":[{"embeddable":true,"href":"https:\/\/ecovent.eu.com\/tr\/wp-json\/wp\/v2\/users\/1"}],"replies":[{"embeddable":true,"href":"https:\/\/ecovent.eu.com\/tr\/wp-json\/wp\/v2\/comments?post=887"}],"version-history":[{"count":4,"href":"https:\/\/ecovent.eu.com\/tr\/wp-json\/wp\/v2\/pages\/887\/revisions"}],"predecessor-version":[{"id":955,"href":"https:\/\/ecovent.eu.com\/tr\/wp-json\/wp\/v2\/pages\/887\/revisions\/955"}],"wp:attachment":[{"href":"https:\/\/ecovent.eu.com\/tr\/wp-json\/wp\/v2\/media?parent=887"}],"curies":[{"name":"wp","href":"https:\/\/api.w.org\/{rel}","templated":true}]}}