{"id":889,"date":"2025-08-13T11:45:18","date_gmt":"2025-08-13T08:15:18","guid":{"rendered":"https:\/\/ecovent.eu.com\/sogutucu-unitesi\/"},"modified":"2025-08-19T15:56:11","modified_gmt":"2025-08-19T12:26:11","slug":"sogutucu-unitesi","status":"publish","type":"page","link":"https:\/\/ecovent.eu.com\/tr\/sogutucu-unitesi\/","title":{"rendered":"So\u011futucu \u00dcnitesi"},"content":{"rendered":"\t\t<div data-elementor-type=\"wp-page\" data-elementor-id=\"889\" class=\"elementor elementor-889 elementor-372\" data-elementor-post-type=\"page\">\n\t\t\t\t<div class=\"elementor-element elementor-element-e5d162b e-flex e-con-boxed e-con e-parent\" data-id=\"e5d162b\" data-element_type=\"container\" data-settings=\"{&quot;background_background&quot;:&quot;slideshow&quot;,&quot;background_slideshow_gallery&quot;:[{&quot;id&quot;:764,&quot;url&quot;:&quot;https:\\\/\\\/ecovent.eu.com\\\/wp-content\\\/uploads\\\/2025\\\/08\\\/12916821_heat_blower_fan_mortor_near_cement_wall_from_top_view_include\\u0647\\u0647\\u0647-2-scaled.webp&quot;}],&quot;background_slideshow_loop&quot;:&quot;yes&quot;,&quot;background_slideshow_slide_duration&quot;:5000,&quot;background_slideshow_slide_transition&quot;:&quot;fade&quot;,&quot;background_slideshow_transition_duration&quot;:500}\">\n\t\t\t\t\t<div class=\"e-con-inner\">\n\t\t\t\t<div class=\"elementor-element elementor-element-d4238a8 elementor-widget elementor-widget-spacer\" data-id=\"d4238a8\" data-element_type=\"widget\" data-widget_type=\"spacer.default\">\n\t\t\t\t\t\t\t<div class=\"elementor-spacer\">\n\t\t\t<div class=\"elementor-spacer-inner\"><\/div>\n\t\t<\/div>\n\t\t\t\t\t\t<\/div>\n\t\t\t\t\t<\/div>\n\t\t\t\t<\/div>\n\t\t<div class=\"elementor-element elementor-element-8817b08 e-flex e-con-boxed e-con e-parent\" data-id=\"8817b08\" data-element_type=\"container\">\n\t\t\t\t\t<div class=\"e-con-inner\">\n\t\t<div class=\"elementor-element elementor-element-22a6256 e-grid e-con-full e-con e-child\" data-id=\"22a6256\" data-element_type=\"container\">\n\t\t\t\t<div class=\"elementor-element elementor-element-e105aa9 elementor-widget elementor-widget-image\" data-id=\"e105aa9\" data-element_type=\"widget\" data-widget_type=\"image.default\">\n\t\t\t\t\t\t\t\t\t\t\t\t\t\t\t<img decoding=\"async\" src=\"https:\/\/ecovent.eu.com\/wp-content\/uploads\/elementor\/thumbs\/ChatGPT-Image-Jul-13-2025-03_50_49-PM-ra5b4mq0oh7f0brg365jgaauahvml5a4mu1ct7q2c8.png\" title=\"ChatGPT-Image-Jul-13-2025-03_50_49-PM\" alt=\"ChatGPT-Image-Jul-13-2025-03_50_49-PM\" loading=\"lazy\" \/>\t\t\t\t\t\t\t\t\t\t\t\t\t\t\t<\/div>\n\t\t\t\t<div class=\"elementor-element elementor-element-ce34821 elementor-widget elementor-widget-heading\" data-id=\"ce34821\" data-element_type=\"widget\" data-widget_type=\"heading.default\">\n\t\t\t\t\t<h2 class=\"elementor-heading-title elementor-size-default\">So\u011futucu \u00dcniteleri<\/h2>\t\t\t\t<\/div>\n\t\t\t\t<\/div>\n\t\t\t\t\t<\/div>\n\t\t\t\t<\/div>\n\t\t<div class=\"elementor-element elementor-element-af778c0 e-flex e-con-boxed e-con e-parent\" data-id=\"af778c0\" data-element_type=\"container\">\n\t\t\t\t\t<div class=\"e-con-inner\">\n\t\t<div class=\"elementor-element elementor-element-dcc4902 e-grid e-con-full e-con e-child\" data-id=\"dcc4902\" data-element_type=\"container\">\n\t\t<div data-premium-element-link=\"{&quot;type&quot;:&quot;url&quot;,&quot;link&quot;:{&quot;url&quot;:&quot;https:\\\/\\\/ecovent.eu.com\\\/product\\\/hava-sogutmali-scroll-tip-sogutucu-unitesi\\\/&quot;,&quot;is_external&quot;:&quot;&quot;,&quot;nofollow&quot;:&quot;&quot;,&quot;custom_attributes&quot;:&quot;&quot;},&quot;href&quot;:&quot;https:\\\/\\\/ecovent.eu.com\\\/product\\\/hava-sogutmali-scroll-tip-sogutucu-unitesi\\\/&quot;}\" style=\"cursor: pointer\" class=\"elementor-element elementor-element-af6c67b e-con-full premium-wrapper-link-yes e-flex e-con e-child\" data-id=\"af6c67b\" data-element_type=\"container\">\n\t\t\t\t<div class=\"elementor-element elementor-element-b8a1439 product-image-wrapper elementor-widget elementor-widget-image\" data-id=\"b8a1439\" data-element_type=\"widget\" data-widget_type=\"image.default\">\n\t\t\t\t\t\t\t\t\t\t\t\t\t\t\t<img fetchpriority=\"high\" decoding=\"async\" width=\"500\" height=\"333\" src=\"https:\/\/ecovent.eu.com\/wp-content\/uploads\/2025\/08\/scroll-2.png\" class=\"attachment-large size-large wp-image-776\" alt=\"\" srcset=\"https:\/\/ecovent.eu.com\/wp-content\/uploads\/2025\/08\/scroll-2.png 500w, https:\/\/ecovent.eu.com\/wp-content\/uploads\/2025\/08\/scroll-2-300x200.png 300w\" sizes=\"(max-width: 500px) 100vw, 500px\" \/>\t\t\t\t\t\t\t\t\t\t\t\t\t\t\t<\/div>\n\t\t\t\t<div class=\"elementor-element elementor-element-f9dab1d elementor-widget elementor-widget-heading\" data-id=\"f9dab1d\" data-element_type=\"widget\" data-widget_type=\"heading.default\">\n\t\t\t\t\t<h2 class=\"elementor-heading-title elementor-size-default\">Hava So\u011futmal\u0131 Scroll Tip So\u011futucu \u00dcnitesi\n<\/h2>\t\t\t\t<\/div>\n\t\t\t\t<\/div>\n\t\t<div data-premium-element-link=\"{&quot;type&quot;:&quot;url&quot;,&quot;link&quot;:{&quot;url&quot;:&quot;https:\\\/\\\/ecovent.eu.com\\\/product\\\/hava-sogutmali-vidali-sogutucu-unitesi\\\/&quot;,&quot;is_external&quot;:&quot;&quot;,&quot;nofollow&quot;:&quot;&quot;,&quot;custom_attributes&quot;:&quot;&quot;},&quot;href&quot;:&quot;https:\\\/\\\/ecovent.eu.com\\\/product\\\/hava-sogutmali-vidali-sogutucu-unitesi\\\/&quot;}\" style=\"cursor: pointer\" class=\"elementor-element elementor-element-ee4d255 e-con-full premium-wrapper-link-yes e-flex e-con e-child\" data-id=\"ee4d255\" data-element_type=\"container\">\n\t\t\t\t<div class=\"elementor-element elementor-element-9231853 product-image-wrapper elementor-widget elementor-widget-image\" data-id=\"9231853\" data-element_type=\"widget\" data-widget_type=\"image.default\">\n\t\t\t\t\t\t\t\t\t\t\t\t\t\t\t<img decoding=\"async\" width=\"624\" height=\"624\" src=\"https:\/\/ecovent.eu.com\/wp-content\/uploads\/2025\/08\/Picture1-1.png\" class=\"attachment-large size-large wp-image-775\" alt=\"\" srcset=\"https:\/\/ecovent.eu.com\/wp-content\/uploads\/2025\/08\/Picture1-1.png 624w, https:\/\/ecovent.eu.com\/wp-content\/uploads\/2025\/08\/Picture1-1-300x300.png 300w, https:\/\/ecovent.eu.com\/wp-content\/uploads\/2025\/08\/Picture1-1-150x150.png 150w, https:\/\/ecovent.eu.com\/wp-content\/uploads\/2025\/08\/Picture1-1-600x600.png 600w, https:\/\/ecovent.eu.com\/wp-content\/uploads\/2025\/08\/Picture1-1-100x100.png 100w\" sizes=\"(max-width: 624px) 100vw, 624px\" \/>\t\t\t\t\t\t\t\t\t\t\t\t\t\t\t<\/div>\n\t\t\t\t<div class=\"elementor-element elementor-element-dd0e4db elementor-widget elementor-widget-heading\" data-id=\"dd0e4db\" data-element_type=\"widget\" data-widget_type=\"heading.default\">\n\t\t\t\t\t<h2 class=\"elementor-heading-title elementor-size-default\">Hava So\u011futmal\u0131 Vidal\u0131 So\u011futucu \u00dcnitesi<\/h2>\t\t\t\t<\/div>\n\t\t\t\t<\/div>\n\t\t\t\t<\/div>\n\t\t\t\t\t<\/div>\n\t\t\t\t<\/div>\n\t\t<div class=\"elementor-element elementor-element-edda789 e-flex e-con-boxed e-con e-parent\" data-id=\"edda789\" data-element_type=\"container\">\n\t\t\t\t\t<div class=\"e-con-inner\">\n\t\t\t\t<div class=\"elementor-element elementor-element-34ab56b elementor-widget elementor-widget-spacer\" data-id=\"34ab56b\" data-element_type=\"widget\" data-widget_type=\"spacer.default\">\n\t\t\t\t\t\t\t<div class=\"elementor-spacer\">\n\t\t\t<div class=\"elementor-spacer-inner\"><\/div>\n\t\t<\/div>\n\t\t\t\t\t\t<\/div>\n\t\t\t\t\t<\/div>\n\t\t\t\t<\/div>\n\t\t\t\t<\/div>\n\t\t","protected":false},"excerpt":{"rendered":"<p>So\u011futucu \u00dcniteleri Hava So\u011futmal\u0131 Scroll Tip So\u011futucu \u00dcnitesi Hava So\u011futmal\u0131 Vidal\u0131 So\u011futucu \u00dcnitesi<\/p>\n","protected":false},"author":1,"featured_media":0,"parent":0,"menu_order":0,"comment_status":"closed","ping_status":"closed","template":"","meta":{"site-sidebar-layout":"no-sidebar","site-content-layout":"","ast-site-content-layout":"full-width-container","site-content-style":"default","site-sidebar-style":"default","ast-global-header-display":"","ast-banner-title-visibility":"","ast-main-header-display":"","ast-hfb-above-header-display":"","ast-hfb-below-header-display":"","ast-hfb-mobile-header-display":"","site-post-title":"disabled","ast-breadcrumbs-content":"","ast-featured-img":"disabled","footer-sml-layout":"","theme-transparent-header-meta":"","adv-header-id-meta":"","stick-header-meta":"","header-above-stick-meta":"","header-main-stick-meta":"","header-below-stick-meta":"","astra-migrate-meta-layouts":"default","ast-page-background-enabled":"default","ast-page-background-meta":{"desktop":{"background-color":"var(--ast-global-color-5)","background-image":"","background-repeat":"repeat","background-position":"center center","background-size":"auto","background-attachment":"scroll","background-type":"","background-media":"","overlay-type":"","overlay-color":"","overlay-opacity":"","overlay-gradient":""},"tablet":{"background-color":"","background-image":"","background-repeat":"repeat","background-position":"center center","background-size":"auto","background-attachment":"scroll","background-type":"","background-media":"","overlay-type":"","overlay-color":"","overlay-opacity":"","overlay-gradient":""},"mobile":{"background-color":"","background-image":"","background-repeat":"repeat","background-position":"center center","background-size":"auto","background-attachment":"scroll","background-type":"","background-media":"","overlay-type":"","overlay-color":"","overlay-opacity":"","overlay-gradient":""}},"ast-content-background-meta":{"desktop":{"background-color":"var(--ast-global-color-4)","background-image":"","background-repeat":"repeat","background-position":"center center","background-size":"auto","background-attachment":"scroll","background-type":"","background-media":"","overlay-type":"","overlay-color":"","overlay-opacity":"","overlay-gradient":""},"tablet":{"background-color":"var(--ast-global-color-4)","background-image":"","background-repeat":"repeat","background-position":"center center","background-size":"auto","background-attachment":"scroll","background-type":"","background-media":"","overlay-type":"","overlay-color":"","overlay-opacity":"","overlay-gradient":""},"mobile":{"background-color":"var(--ast-global-color-4)","background-image":"","background-repeat":"repeat","background-position":"center center","background-size":"auto","background-attachment":"scroll","background-type":"","background-media":"","overlay-type":"","overlay-color":"","overlay-opacity":"","overlay-gradient":""}},"footnotes":""},"class_list":["post-889","page","type-page","status-publish","hentry"],"_links":{"self":[{"href":"https:\/\/ecovent.eu.com\/tr\/wp-json\/wp\/v2\/pages\/889","targetHints":{"allow":["GET"]}}],"collection":[{"href":"https:\/\/ecovent.eu.com\/tr\/wp-json\/wp\/v2\/pages"}],"about":[{"href":"https:\/\/ecovent.eu.com\/tr\/wp-json\/wp\/v2\/types\/page"}],"author":[{"embeddable":true,"href":"https:\/\/ecovent.eu.com\/tr\/wp-json\/wp\/v2\/users\/1"}],"replies":[{"embeddable":true,"href":"https:\/\/ecovent.eu.com\/tr\/wp-json\/wp\/v2\/comments?post=889"}],"version-history":[{"count":4,"href":"https:\/\/ecovent.eu.com\/tr\/wp-json\/wp\/v2\/pages\/889\/revisions"}],"predecessor-version":[{"id":960,"href":"https:\/\/ecovent.eu.com\/tr\/wp-json\/wp\/v2\/pages\/889\/revisions\/960"}],"wp:attachment":[{"href":"https:\/\/ecovent.eu.com\/tr\/wp-json\/wp\/v2\/media?parent=889"}],"curies":[{"name":"wp","href":"https:\/\/api.w.org\/{rel}","templated":true}]}}