{"id":898,"date":"2025-08-13T10:20:54","date_gmt":"2025-08-13T06:50:54","guid":{"rendered":"https:\/\/ecovent.eu.com\/jet-fanlar\/"},"modified":"2025-08-19T14:56:26","modified_gmt":"2025-08-19T11:26:26","slug":"jet-fanlar","status":"publish","type":"page","link":"https:\/\/ecovent.eu.com\/tr\/jet-fanlar\/","title":{"rendered":"Jet Fanlar"},"content":{"rendered":"\t\t<div data-elementor-type=\"wp-page\" data-elementor-id=\"898\" class=\"elementor elementor-898 elementor-327\" data-elementor-post-type=\"page\">\n\t\t\t\t<div class=\"elementor-element elementor-element-d2d72aa e-flex e-con-boxed e-con e-parent\" data-id=\"d2d72aa\" data-element_type=\"container\" data-settings=\"{&quot;background_background&quot;:&quot;slideshow&quot;,&quot;background_slideshow_gallery&quot;:[{&quot;id&quot;:764,&quot;url&quot;:&quot;https:\\\/\\\/ecovent.eu.com\\\/wp-content\\\/uploads\\\/2025\\\/08\\\/12916821_heat_blower_fan_mortor_near_cement_wall_from_top_view_include\\u0647\\u0647\\u0647-2-scaled.webp&quot;}],&quot;background_slideshow_loop&quot;:&quot;yes&quot;,&quot;background_slideshow_slide_duration&quot;:5000,&quot;background_slideshow_slide_transition&quot;:&quot;fade&quot;,&quot;background_slideshow_transition_duration&quot;:500}\">\n\t\t\t\t\t<div class=\"e-con-inner\">\n\t\t\t\t<div class=\"elementor-element elementor-element-28fabb9 elementor-widget elementor-widget-spacer\" data-id=\"28fabb9\" data-element_type=\"widget\" data-widget_type=\"spacer.default\">\n\t\t\t\t\t\t\t<div class=\"elementor-spacer\">\n\t\t\t<div class=\"elementor-spacer-inner\"><\/div>\n\t\t<\/div>\n\t\t\t\t\t\t<\/div>\n\t\t\t\t\t<\/div>\n\t\t\t\t<\/div>\n\t\t<div class=\"elementor-element elementor-element-66bdf30 e-flex e-con-boxed e-con e-parent\" data-id=\"66bdf30\" data-element_type=\"container\">\n\t\t\t\t\t<div class=\"e-con-inner\">\n\t\t<div class=\"elementor-element elementor-element-835fbc5 e-grid e-con-full e-con e-child\" data-id=\"835fbc5\" data-element_type=\"container\">\n\t\t\t\t<div class=\"elementor-element elementor-element-50214b6 elementor-widget elementor-widget-image\" data-id=\"50214b6\" data-element_type=\"widget\" data-widget_type=\"image.default\">\n\t\t\t\t\t\t\t\t\t\t\t\t\t\t\t<img decoding=\"async\" src=\"https:\/\/ecovent.eu.com\/wp-content\/uploads\/elementor\/thumbs\/ChatGPT-Image-Jul-13-2025-03_50_49-PM-ra5b4mq0oh7f0brg365jgaauahvml5a4mu1ct7q2c8.png\" title=\"ChatGPT-Image-Jul-13-2025-03_50_49-PM\" alt=\"ChatGPT-Image-Jul-13-2025-03_50_49-PM\" loading=\"lazy\" \/>\t\t\t\t\t\t\t\t\t\t\t\t\t\t\t<\/div>\n\t\t\t\t<div class=\"elementor-element elementor-element-0448eda elementor-widget elementor-widget-heading\" data-id=\"0448eda\" data-element_type=\"widget\" data-widget_type=\"heading.default\">\n\t\t\t\t\t<h2 class=\"elementor-heading-title elementor-size-default\">Jet Fanlar<\/h2>\t\t\t\t<\/div>\n\t\t\t\t<\/div>\n\t\t\t\t\t<\/div>\n\t\t\t\t<\/div>\n\t\t<div class=\"elementor-element elementor-element-7ed9bac e-flex e-con-boxed e-con e-parent\" data-id=\"7ed9bac\" data-element_type=\"container\">\n\t\t\t\t\t<div class=\"e-con-inner\">\n\t\t<div class=\"elementor-element elementor-element-23818e8 e-grid e-con-full e-con e-child\" data-id=\"23818e8\" data-element_type=\"container\">\n\t\t<div data-premium-element-link=\"{&quot;type&quot;:&quot;url&quot;,&quot;link&quot;:{&quot;url&quot;:&quot;https:\\\/\\\/ecovent.eu.com\\\/product\\\/geri-akisli-santrifuj-fan-kutusu\\\/&quot;,&quot;is_external&quot;:&quot;&quot;,&quot;nofollow&quot;:&quot;&quot;,&quot;custom_attributes&quot;:&quot;&quot;},&quot;href&quot;:&quot;https:\\\/\\\/ecovent.eu.com\\\/product\\\/geri-akisli-santrifuj-fan-kutusu\\\/&quot;}\" style=\"cursor: pointer\" class=\"elementor-element elementor-element-91614f9 e-con-full premium-wrapper-link-yes e-flex e-con e-child\" data-id=\"91614f9\" data-element_type=\"container\">\n\t\t\t\t<div class=\"elementor-element elementor-element-d949dad product-image-wrapper elementor-widget elementor-widget-image\" data-id=\"d949dad\" data-element_type=\"widget\" data-widget_type=\"image.default\">\n\t\t\t\t\t\t\t\t\t\t\t\t\t\t\t<img fetchpriority=\"high\" decoding=\"async\" width=\"500\" height=\"500\" src=\"https:\/\/ecovent.eu.com\/wp-content\/uploads\/2025\/08\/Centrifugal-Backward-Fan-Box.png\" class=\"attachment-large size-large wp-image-696\" alt=\"\" srcset=\"https:\/\/ecovent.eu.com\/wp-content\/uploads\/2025\/08\/Centrifugal-Backward-Fan-Box.png 500w, https:\/\/ecovent.eu.com\/wp-content\/uploads\/2025\/08\/Centrifugal-Backward-Fan-Box-300x300.png 300w, https:\/\/ecovent.eu.com\/wp-content\/uploads\/2025\/08\/Centrifugal-Backward-Fan-Box-150x150.png 150w, https:\/\/ecovent.eu.com\/wp-content\/uploads\/2025\/08\/Centrifugal-Backward-Fan-Box-100x100.png 100w\" sizes=\"(max-width: 500px) 100vw, 500px\" \/>\t\t\t\t\t\t\t\t\t\t\t\t\t\t\t<\/div>\n\t\t\t\t<div class=\"elementor-element elementor-element-03e6869 elementor-widget elementor-widget-heading\" data-id=\"03e6869\" data-element_type=\"widget\" data-widget_type=\"heading.default\">\n\t\t\t\t\t<h2 class=\"elementor-heading-title elementor-size-default\">Geri Ak\u0131\u015fl\u0131 Santrif\u00fcj Fan Kutusu\n<\/h2>\t\t\t\t<\/div>\n\t\t\t\t<\/div>\n\t\t<div data-premium-element-link=\"{&quot;type&quot;:&quot;url&quot;,&quot;link&quot;:{&quot;url&quot;:&quot;https:\\\/\\\/ecovent.eu.com\\\/product\\\/jafh-serisi-eksenel-jet-fanlar\\\/&quot;,&quot;is_external&quot;:&quot;&quot;,&quot;nofollow&quot;:&quot;&quot;,&quot;custom_attributes&quot;:&quot;&quot;},&quot;href&quot;:&quot;https:\\\/\\\/ecovent.eu.com\\\/product\\\/jafh-serisi-eksenel-jet-fanlar\\\/&quot;}\" style=\"cursor: pointer\" class=\"elementor-element elementor-element-c0d26d5 e-con-full premium-wrapper-link-yes e-flex e-con e-child\" data-id=\"c0d26d5\" data-element_type=\"container\">\n\t\t\t\t<div class=\"elementor-element elementor-element-bb439e6 product-image-wrapper elementor-widget elementor-widget-image\" data-id=\"bb439e6\" data-element_type=\"widget\" data-widget_type=\"image.default\">\n\t\t\t\t\t\t\t\t\t\t\t\t\t\t\t<img decoding=\"async\" width=\"1024\" height=\"761\" src=\"https:\/\/ecovent.eu.com\/wp-content\/uploads\/2025\/08\/JAFH-Series-Axial-Jet-Fans-1-1024x761.webp\" class=\"attachment-large size-large wp-image-766\" alt=\"\" srcset=\"https:\/\/ecovent.eu.com\/wp-content\/uploads\/2025\/08\/JAFH-Series-Axial-Jet-Fans-1-1024x761.webp 1024w, https:\/\/ecovent.eu.com\/wp-content\/uploads\/2025\/08\/JAFH-Series-Axial-Jet-Fans-1-300x223.webp 300w, https:\/\/ecovent.eu.com\/wp-content\/uploads\/2025\/08\/JAFH-Series-Axial-Jet-Fans-1-768x571.webp 768w, https:\/\/ecovent.eu.com\/wp-content\/uploads\/2025\/08\/JAFH-Series-Axial-Jet-Fans-1-1320x981.webp 1320w, https:\/\/ecovent.eu.com\/wp-content\/uploads\/2025\/08\/JAFH-Series-Axial-Jet-Fans-1-600x446.webp 600w, https:\/\/ecovent.eu.com\/wp-content\/uploads\/2025\/08\/JAFH-Series-Axial-Jet-Fans-1.webp 1430w\" sizes=\"(max-width: 1024px) 100vw, 1024px\" \/>\t\t\t\t\t\t\t\t\t\t\t\t\t\t\t<\/div>\n\t\t\t\t<div class=\"elementor-element elementor-element-d204f35 elementor-widget elementor-widget-heading\" data-id=\"d204f35\" data-element_type=\"widget\" data-widget_type=\"heading.default\">\n\t\t\t\t\t<h2 class=\"elementor-heading-title elementor-size-default\">JAFH Serisi Eksenel Jet Fanlar<\/h2>\t\t\t\t<\/div>\n\t\t\t\t<\/div>\n\t\t\t\t<\/div>\n\t\t\t\t\t<\/div>\n\t\t\t\t<\/div>\n\t\t<div class=\"elementor-element elementor-element-f630eff e-flex e-con-boxed e-con e-parent\" data-id=\"f630eff\" data-element_type=\"container\">\n\t\t\t\t\t<div class=\"e-con-inner\">\n\t\t\t\t<div class=\"elementor-element elementor-element-e424acd elementor-widget elementor-widget-spacer\" data-id=\"e424acd\" data-element_type=\"widget\" data-widget_type=\"spacer.default\">\n\t\t\t\t\t\t\t<div class=\"elementor-spacer\">\n\t\t\t<div class=\"elementor-spacer-inner\"><\/div>\n\t\t<\/div>\n\t\t\t\t\t\t<\/div>\n\t\t\t\t\t<\/div>\n\t\t\t\t<\/div>\n\t\t\t\t<\/div>\n\t\t","protected":false},"excerpt":{"rendered":"<p>Jet Fanlar Geri Ak\u0131\u015fl\u0131 Santrif\u00fcj Fan Kutusu JAFH Serisi Eksenel Jet Fanlar<\/p>\n","protected":false},"author":1,"featured_media":0,"parent":0,"menu_order":0,"comment_status":"closed","ping_status":"closed","template":"","meta":{"site-sidebar-layout":"no-sidebar","site-content-layout":"","ast-site-content-layout":"full-width-container","site-content-style":"default","site-sidebar-style":"default","ast-global-header-display":"","ast-banner-title-visibility":"","ast-main-header-display":"","ast-hfb-above-header-display":"","ast-hfb-below-header-display":"","ast-hfb-mobile-header-display":"","site-post-title":"disabled","ast-breadcrumbs-content":"","ast-featured-img":"disabled","footer-sml-layout":"","theme-transparent-header-meta":"","adv-header-id-meta":"","stick-header-meta":"","header-above-stick-meta":"","header-main-stick-meta":"","header-below-stick-meta":"","astra-migrate-meta-layouts":"default","ast-page-background-enabled":"default","ast-page-background-meta":{"desktop":{"background-color":"var(--ast-global-color-5)","background-image":"","background-repeat":"repeat","background-position":"center center","background-size":"auto","background-attachment":"scroll","background-type":"","background-media":"","overlay-type":"","overlay-color":"","overlay-opacity":"","overlay-gradient":""},"tablet":{"background-color":"","background-image":"","background-repeat":"repeat","background-position":"center center","background-size":"auto","background-attachment":"scroll","background-type":"","background-media":"","overlay-type":"","overlay-color":"","overlay-opacity":"","overlay-gradient":""},"mobile":{"background-color":"","background-image":"","background-repeat":"repeat","background-position":"center center","background-size":"auto","background-attachment":"scroll","background-type":"","background-media":"","overlay-type":"","overlay-color":"","overlay-opacity":"","overlay-gradient":""}},"ast-content-background-meta":{"desktop":{"background-color":"var(--ast-global-color-4)","background-image":"","background-repeat":"repeat","background-position":"center center","background-size":"auto","background-attachment":"scroll","background-type":"","background-media":"","overlay-type":"","overlay-color":"","overlay-opacity":"","overlay-gradient":""},"tablet":{"background-color":"var(--ast-global-color-4)","background-image":"","background-repeat":"repeat","background-position":"center center","background-size":"auto","background-attachment":"scroll","background-type":"","background-media":"","overlay-type":"","overlay-color":"","overlay-opacity":"","overlay-gradient":""},"mobile":{"background-color":"var(--ast-global-color-4)","background-image":"","background-repeat":"repeat","background-position":"center center","background-size":"auto","background-attachment":"scroll","background-type":"","background-media":"","overlay-type":"","overlay-color":"","overlay-opacity":"","overlay-gradient":""}},"footnotes":""},"class_list":["post-898","page","type-page","status-publish","hentry"],"_links":{"self":[{"href":"https:\/\/ecovent.eu.com\/tr\/wp-json\/wp\/v2\/pages\/898","targetHints":{"allow":["GET"]}}],"collection":[{"href":"https:\/\/ecovent.eu.com\/tr\/wp-json\/wp\/v2\/pages"}],"about":[{"href":"https:\/\/ecovent.eu.com\/tr\/wp-json\/wp\/v2\/types\/page"}],"author":[{"embeddable":true,"href":"https:\/\/ecovent.eu.com\/tr\/wp-json\/wp\/v2\/users\/1"}],"replies":[{"embeddable":true,"href":"https:\/\/ecovent.eu.com\/tr\/wp-json\/wp\/v2\/comments?post=898"}],"version-history":[{"count":4,"href":"https:\/\/ecovent.eu.com\/tr\/wp-json\/wp\/v2\/pages\/898\/revisions"}],"predecessor-version":[{"id":947,"href":"https:\/\/ecovent.eu.com\/tr\/wp-json\/wp\/v2\/pages\/898\/revisions\/947"}],"wp:attachment":[{"href":"https:\/\/ecovent.eu.com\/tr\/wp-json\/wp\/v2\/media?parent=898"}],"curies":[{"name":"wp","href":"https:\/\/api.w.org\/{rel}","templated":true}]}}